{"id":3186,"date":"2023-01-29T09:41:26","date_gmt":"2023-01-29T07:41:26","guid":{"rendered":"https:\/\/preview.infoworks.biz\/klk\/?page_id=3186"},"modified":"2023-01-31T11:09:11","modified_gmt":"2023-01-31T09:09:11","slug":"aandeelhouersdagboek","status":"publish","type":"page","link":"https:\/\/preview.infoworks.biz\/klk\/aandeelhouersdagboek\/","title":{"rendered":"Aandeelhouersdagboek"},"content":{"rendered":"\t\t<div data-elementor-type=\"wp-page\" data-elementor-id=\"3186\" class=\"elementor elementor-3186\">\n\t\t\t\t\t\t\t\t\t<section class=\" elementor-section elementor-top-section elementor-element elementor-element-ae2761d elementor-section-boxed elementor-section-height-default elementor-section-height-default\" data-id=\"ae2761d\" data-element_type=\"section\">\r\n\t\t\t\t\t\t\t\t<div class=\"elementor-container elementor-column-gap-default\">\r\n\t\t\t\t\r\n\t\t\t\t\t\t\t<div class=\" elementor-column elementor-col-100 elementor-top-column elementor-element elementor-element-582c442 \" data-id=\"582c442\" data-element_type=\"column\">\r\n\r\n\t\t\t\r\n\t\t\t<div class=\"elementor-widget-wrap elementor-element-populated\">\r\n\t\t\t\t\t\t\t\t\r\n\t\t\t\t\t<section class=\" elementor-section elementor-inner-section elementor-element elementor-element-a2d136d elementor-section-content-top elementor-section-boxed elementor-section-height-default elementor-section-height-default\" data-id=\"a2d136d\" data-element_type=\"section\">\r\n\t\t\t\t\t\t\t\t<div class=\"elementor-container elementor-column-gap-default\">\r\n\t\t\t\t\r\n\t\t\t\t\t\t\t<div class=\" elementor-column elementor-col-50 elementor-inner-column elementor-element elementor-element-74a4cd8 \" data-id=\"74a4cd8\" data-element_type=\"column\">\r\n\r\n\t\t\t\r\n\t\t\t<div class=\"elementor-widget-wrap elementor-element-populated\">\r\n\t\t\t\t\t\t\t\t\r\n\t\t\t\t\t<div class=\"elementor-element elementor-element-e5f4041 mb-2 elementor-invisible elementor-widget elementor-widget-heading\" data-id=\"e5f4041\" data-element_type=\"widget\" data-settings=\"{&quot;_animation&quot;:&quot;fadeInLeftShorter&quot;,&quot;_animation_delay&quot;:400}\" data-widget_type=\"heading.default\">\n\t\t\t\t<div class=\"elementor-widget-container\">\n\t\t\t<style>\/*! elementor - v3.9.0 - 06-12-2022 *\/\n.elementor-heading-title{padding:0;margin:0;line-height:1}.elementor-widget-heading .elementor-heading-title[class*=elementor-size-]>a{color:inherit;font-size:inherit;line-height:inherit}.elementor-widget-heading .elementor-heading-title.elementor-size-small{font-size:15px}.elementor-widget-heading .elementor-heading-title.elementor-size-medium{font-size:19px}.elementor-widget-heading .elementor-heading-title.elementor-size-large{font-size:29px}.elementor-widget-heading .elementor-heading-title.elementor-size-xl{font-size:39px}.elementor-widget-heading .elementor-heading-title.elementor-size-xxl{font-size:59px}<\/style><h3 class=\"elementor-heading-title elementor-size-default\">Finansi\u00eble<br>Jaareinde<\/h3>\t\t<\/div>\n\t\t\t\t<\/div>\n\t\t\t\t<div class=\"elementor-element elementor-element-894d6ab elementor-align-center elementor-icon-list--layout-traditional elementor-widget elementor-widget-udesign_widget_iconlist\" data-id=\"894d6ab\" data-element_type=\"widget\" data-widget_type=\"udesign_widget_iconlist.default\">\n\t\t\t\t<div class=\"elementor-widget-container\">\n\t\t\t<ul class=\"elementor-icon-list-items\">\r\n\t\t\t<li class=\"elementor-icon-list-item\">\r\n\t\t\t\t\t\t\t<span class=\"elementor-icon-list-icon\">\r\n\t\t\t\t<i aria-hidden=\"true\" class=\"  a-icon-calendar\"><\/i>\t\t\t\t<\/span>\r\n\t\t\t\t\t\t<span class=\"elementor-icon-list-text\">28 Februarie 2023<\/span>\r\n\t\t\t\t\t<\/li>\r\n\t\t<\/ul>\r\n\t\t<\/div>\n\t\t\t\t<\/div>\n\t\t\t\t\t<\/div>\r\n\t\t\t<\/div>\r\n\t\t\t\t\t\t\t<div class=\" elementor-column elementor-col-50 elementor-inner-column elementor-element elementor-element-b08a658 \" data-id=\"b08a658\" data-element_type=\"column\">\r\n\r\n\t\t\t\r\n\t\t\t<div class=\"elementor-widget-wrap elementor-element-populated\">\r\n\t\t\t\t\t\t\t\t\r\n\t\t\t\t\t<div class=\"elementor-element elementor-element-c49056a mb-2 elementor-invisible elementor-widget elementor-widget-heading\" data-id=\"c49056a\" data-element_type=\"widget\" data-settings=\"{&quot;_animation&quot;:&quot;fadeInLeftShorter&quot;,&quot;_animation_delay&quot;:400}\" data-widget_type=\"heading.default\">\n\t\t\t\t<div class=\"elementor-widget-container\">\n\t\t\t<h3 class=\"elementor-heading-title elementor-size-default\">Algemene<br>Jaarvergadering<\/h3>\t\t<\/div>\n\t\t\t\t<\/div>\n\t\t\t\t<div class=\"elementor-element elementor-element-db09230 elementor-align-center elementor-icon-list--layout-traditional elementor-widget elementor-widget-udesign_widget_iconlist\" data-id=\"db09230\" data-element_type=\"widget\" data-widget_type=\"udesign_widget_iconlist.default\">\n\t\t\t\t<div class=\"elementor-widget-container\">\n\t\t\t<ul class=\"elementor-icon-list-items\">\r\n\t\t\t<li class=\"elementor-icon-list-item\">\r\n\t\t\t\t\t\t\t<span class=\"elementor-icon-list-icon\">\r\n\t\t\t\t<i aria-hidden=\"true\" class=\"  a-icon-calendar\"><\/i>\t\t\t\t<\/span>\r\n\t\t\t\t\t\t<span class=\"elementor-icon-list-text\">18 Julie 2023<\/span>\r\n\t\t\t\t\t<\/li>\r\n\t\t<\/ul>\r\n\t\t<\/div>\n\t\t\t\t<\/div>\n\t\t\t\t\t<\/div>\r\n\t\t\t<\/div>\r\n\t\t\t\t\t\t\t<\/div>\r\n\t\t\t<\/section>\r\n\t\t\t\t\t\t<\/div>\r\n\t\t\t<\/div>\r\n\t\t\t\t\t\t\t<\/div>\r\n\t\t\t<\/section>\r\n\t\t\t\t\t<section class=\" elementor-section elementor-top-section elementor-element elementor-element-99bcd3e elementor-section-stretched elementor-section-boxed elementor-section-height-default elementor-section-height-default\" data-id=\"99bcd3e\" data-element_type=\"section\" data-settings=\"{&quot;stretch_section&quot;:&quot;section-stretched&quot;,&quot;background_background&quot;:&quot;classic&quot;}\">\r\n\t\t\t\t\t\t\t\t<div class=\"elementor-container elementor-column-gap-default\">\r\n\t\t\t\t\r\n\t\t\t\t\t\t\t<div class=\" elementor-column elementor-col-100 elementor-top-column elementor-element elementor-element-845f718 \" data-id=\"845f718\" data-element_type=\"column\">\r\n\r\n\t\t\t\r\n\t\t\t<div class=\"elementor-widget-wrap elementor-element-populated\">\r\n\t\t\t\t\t\t\t\t\r\n\t\t\t\t\t<div class=\"elementor-element elementor-element-fb56f81 mb-2 elementor-invisible elementor-widget elementor-widget-heading\" data-id=\"fb56f81\" data-element_type=\"widget\" data-settings=\"{&quot;_animation&quot;:&quot;fadeInLeftShorter&quot;,&quot;_animation_delay&quot;:400}\" data-widget_type=\"heading.default\">\n\t\t\t\t<div class=\"elementor-widget-container\">\n\t\t\t<h3 class=\"elementor-heading-title elementor-size-default\">Finansi\u00eble Verslae<\/h3>\t\t<\/div>\n\t\t\t\t<\/div>\n\t\t\t\t<section class=\" elementor-section elementor-inner-section elementor-element elementor-element-9e786b5 elementor-section-boxed elementor-section-height-default elementor-section-height-default\" data-id=\"9e786b5\" data-element_type=\"section\">\r\n\t\t\t\t\t\t\t\t<div class=\"elementor-container elementor-column-gap-default\">\r\n\t\t\t\t\r\n\t\t\t\t\t\t\t<div class=\" elementor-column elementor-col-33 elementor-inner-column elementor-element elementor-element-bd41afb \" data-id=\"bd41afb\" data-element_type=\"column\">\r\n\r\n\t\t\t\r\n\t\t\t<div class=\"elementor-widget-wrap elementor-element-populated\">\r\n\t\t\t\t\t\t\t\t\r\n\t\t\t\t\t<div class=\"elementor-element elementor-element-14725c0 mb-2 elementor-invisible elementor-widget elementor-widget-heading\" data-id=\"14725c0\" data-element_type=\"widget\" data-settings=\"{&quot;_animation&quot;:&quot;fadeInLeftShorter&quot;,&quot;_animation_delay&quot;:400}\" data-widget_type=\"heading.default\">\n\t\t\t\t<div class=\"elementor-widget-container\">\n\t\t\t<h4 class=\"elementor-heading-title elementor-size-default\">Bekendmaking<br>van resultate <\/h4>\t\t<\/div>\n\t\t\t\t<\/div>\n\t\t\t\t<div class=\"elementor-element elementor-element-f6c9626 elementor-align-center elementor-icon-list--layout-traditional elementor-widget elementor-widget-udesign_widget_iconlist\" data-id=\"f6c9626\" data-element_type=\"widget\" data-widget_type=\"udesign_widget_iconlist.default\">\n\t\t\t\t<div class=\"elementor-widget-container\">\n\t\t\t<ul class=\"elementor-icon-list-items\">\r\n\t\t\t<li class=\"elementor-icon-list-item\">\r\n\t\t\t\t\t\t\t<span class=\"elementor-icon-list-icon\">\r\n\t\t\t\t<i aria-hidden=\"true\" class=\"  a-icon-calendar\"><\/i>\t\t\t\t<\/span>\r\n\t\t\t\t\t\t<span class=\"elementor-icon-list-text\">Mei 2023<\/span>\r\n\t\t\t\t\t<\/li>\r\n\t\t<\/ul>\r\n\t\t<\/div>\n\t\t\t\t<\/div>\n\t\t\t\t\t<\/div>\r\n\t\t\t<\/div>\r\n\t\t\t\t\t\t\t<div class=\" elementor-column elementor-col-33 elementor-inner-column elementor-element elementor-element-ee0518c \" data-id=\"ee0518c\" data-element_type=\"column\">\r\n\r\n\t\t\t\r\n\t\t\t<div class=\"elementor-widget-wrap elementor-element-populated\">\r\n\t\t\t\t\t\t\t\t\r\n\t\t\t\t\t<div class=\"elementor-element elementor-element-14f8b17 mb-2 elementor-invisible elementor-widget elementor-widget-heading\" data-id=\"14f8b17\" data-element_type=\"widget\" data-settings=\"{&quot;_animation&quot;:&quot;fadeInLeftShorter&quot;,&quot;_animation_delay&quot;:400}\" data-widget_type=\"heading.default\">\n\t\t\t\t<div class=\"elementor-widget-container\">\n\t\t\t<h4 class=\"elementor-heading-title elementor-size-default\">Uitstuur van<br>Finansi\u00eble Jaarstate<\/h4>\t\t<\/div>\n\t\t\t\t<\/div>\n\t\t\t\t<div class=\"elementor-element elementor-element-40fb3fc elementor-align-center elementor-icon-list--layout-traditional elementor-widget elementor-widget-udesign_widget_iconlist\" data-id=\"40fb3fc\" data-element_type=\"widget\" data-widget_type=\"udesign_widget_iconlist.default\">\n\t\t\t\t<div class=\"elementor-widget-container\">\n\t\t\t<ul class=\"elementor-icon-list-items\">\r\n\t\t\t<li class=\"elementor-icon-list-item\">\r\n\t\t\t\t\t\t\t<span class=\"elementor-icon-list-icon\">\r\n\t\t\t\t<i aria-hidden=\"true\" class=\"  a-icon-calendar\"><\/i>\t\t\t\t<\/span>\r\n\t\t\t\t\t\t<span class=\"elementor-icon-list-text\">Junie 2023<\/span>\r\n\t\t\t\t\t<\/li>\r\n\t\t<\/ul>\r\n\t\t<\/div>\n\t\t\t\t<\/div>\n\t\t\t\t\t<\/div>\r\n\t\t\t<\/div>\r\n\t\t\t\t\t\t\t<div class=\" elementor-column elementor-col-33 elementor-inner-column elementor-element elementor-element-989c430 \" data-id=\"989c430\" data-element_type=\"column\">\r\n\r\n\t\t\t\r\n\t\t\t<div class=\"elementor-widget-wrap elementor-element-populated\">\r\n\t\t\t\t\t\t\t\t\r\n\t\t\t\t\t<div class=\"elementor-element elementor-element-3879fab mb-2 elementor-invisible elementor-widget elementor-widget-heading\" data-id=\"3879fab\" data-element_type=\"widget\" data-settings=\"{&quot;_animation&quot;:&quot;fadeInLeftShorter&quot;,&quot;_animation_delay&quot;:400}\" data-widget_type=\"heading.default\">\n\t\t\t\t<div class=\"elementor-widget-container\">\n\t\t\t<h4 class=\"elementor-heading-title elementor-size-default\">Interimverslag vir die halfjaar<br>tot Augustus<\/h4>\t\t<\/div>\n\t\t\t\t<\/div>\n\t\t\t\t<div class=\"elementor-element elementor-element-7381cd1 elementor-align-center elementor-icon-list--layout-traditional elementor-widget elementor-widget-udesign_widget_iconlist\" data-id=\"7381cd1\" data-element_type=\"widget\" data-widget_type=\"udesign_widget_iconlist.default\">\n\t\t\t\t<div class=\"elementor-widget-container\">\n\t\t\t<ul class=\"elementor-icon-list-items\">\r\n\t\t\t<li class=\"elementor-icon-list-item\">\r\n\t\t\t\t\t\t\t<span class=\"elementor-icon-list-icon\">\r\n\t\t\t\t<i aria-hidden=\"true\" class=\"  a-icon-calendar\"><\/i>\t\t\t\t<\/span>\r\n\t\t\t\t\t\t<span class=\"elementor-icon-list-text\">Oktober 2023<\/span>\r\n\t\t\t\t\t<\/li>\r\n\t\t<\/ul>\r\n\t\t<\/div>\n\t\t\t\t<\/div>\n\t\t\t\t\t<\/div>\r\n\t\t\t<\/div>\r\n\t\t\t\t\t\t\t<\/div>\r\n\t\t\t<\/section>\r\n\t\t\t\t\t\t<\/div>\r\n\t\t\t<\/div>\r\n\t\t\t\t\t\t\t<\/div>\r\n\t\t\t<\/section>\r\n\t\t\t\t\t\t\t\t<\/div>\n\t\t","protected":false},"excerpt":{"rendered":"<p>Finansi\u00ebleJaareinde 28 Februarie 2023 AlgemeneJaarvergadering 18 Julie 2023 Finansi\u00eble Verslae Bekendmakingvan resultate Mei 2023 Uitstuur vanFinansi\u00eble Jaarstate Junie 2023 Interimverslag vir die halfjaartot Augustus Oktober 2023<\/p>\n","protected":false},"author":1,"featured_media":0,"parent":0,"menu_order":0,"comment_status":"closed","ping_status":"closed","template":"","meta":{"footnotes":""},"class_list":["post-3186","page","type-page","status-publish","hentry"],"acf":[],"_links":{"self":[{"href":"https:\/\/preview.infoworks.biz\/klk\/wp-json\/wp\/v2\/pages\/3186","targetHints":{"allow":["GET"]}}],"collection":[{"href":"https:\/\/preview.infoworks.biz\/klk\/wp-json\/wp\/v2\/pages"}],"about":[{"href":"https:\/\/preview.infoworks.biz\/klk\/wp-json\/wp\/v2\/types\/page"}],"author":[{"embeddable":true,"href":"https:\/\/preview.infoworks.biz\/klk\/wp-json\/wp\/v2\/users\/1"}],"replies":[{"embeddable":true,"href":"https:\/\/preview.infoworks.biz\/klk\/wp-json\/wp\/v2\/comments?post=3186"}],"version-history":[{"count":13,"href":"https:\/\/preview.infoworks.biz\/klk\/wp-json\/wp\/v2\/pages\/3186\/revisions"}],"predecessor-version":[{"id":3669,"href":"https:\/\/preview.infoworks.biz\/klk\/wp-json\/wp\/v2\/pages\/3186\/revisions\/3669"}],"wp:attachment":[{"href":"https:\/\/preview.infoworks.biz\/klk\/wp-json\/wp\/v2\/media?parent=3186"}],"curies":[{"name":"wp","href":"https:\/\/api.w.org\/{rel}","templated":true}]}}